{"id":3,"date":"2022-01-16T22:33:08","date_gmt":"2022-01-16T22:33:08","guid":{"rendered":"http:\/\/hurvit.com\/?page_id=3"},"modified":"2022-02-25T11:14:38","modified_gmt":"2022-02-25T10:14:38","slug":"politica-privacidad","status":"publish","type":"page","link":"https:\/\/hurvit.com\/index.php\/politica-privacidad\/","title":{"rendered":"Pol\u00edtica de privacidad"},"content":{"rendered":"<h2 class=\"wp-block-heading\">Qui\u00e9nes somos<\/h2><p>La direcci\u00f3n de nuestra web es: http:\/\/www.hurvit.com. Esta declaraci\u00f3n de Privacidad, explica c\u00f3mo la sociedad HURVIT ESPA\u00d1A S.L.\u00a0 recopila, usa, comparte y procesa su informaci\u00f3n.<\/p><h2 class=\"wp-block-heading\">Comentarios <\/h2><p>Cuando los visitantes dejan comentarios en la web, recopilamos los datos que se muestran en el formulario de comentarios, as\u00ed como la direcci\u00f3n IP del visitante y la cadena de agentes de usuario del navegador para ayudar a la detecci\u00f3n de spam.<\/p><p>Una cadena an\u00f3nima creada a partir de tu direcci\u00f3n de correo electr\u00f3nico (tambi\u00e9n llamada hash) puede ser proporcionada al servicio de Gravatar para ver si la est\u00e1s usando. La pol\u00edtica de privacidad del servicio Gravatar est\u00e1 disponible aqu\u00ed: https:\/\/automattic.com\/privacy\/. Despu\u00e9s de la aprobaci\u00f3n de tu comentario, la imagen de tu perfil es visible para el p\u00fablico en el contexto de tu comentario.<\/p><h2 class=\"wp-block-heading\">Recopilaci\u00f3n y Uso de Datos Personales<\/h2><p>Los datos personales, son una informaci\u00f3n que puede usarse para identificarle directa o indirectamente. Estos datos incluyen informaci\u00f3n an\u00f3nima ligada a la informaci\u00f3n que puede identificarle directa o indirectamente. Los datos personales no incluyen aquellos que se hayan especificado como an\u00f3nimos ni datos agregados, con los que no se nos permita identificarle, bien en combinaci\u00f3n con otra informaci\u00f3n o de cualquier otra manera. A continuaci\u00f3n, tiene la descripci\u00f3n de los tipos de datos personales que podemos recopilar, y c\u00f3mo Podemos hacer uso de ellos:<\/p><h3 class=\"wp-block-heading\">Datos Personales que Podemos Recopilar<\/h3><p>Dependiendo de los productos y servicios que use y\/o contrate, podemos recopilar distintos datos personales suyos o sobre usted.<\/p><p>Datos que usted facilita<\/p><h3 class=\"wp-block-heading\">Datos que usted facilita<\/h3><p>Recopilamos aquellos datos personales que usted mismo facilita al usar nuestros servicios, como por ejemplo los obtenidos como seguidor de nuestras Redes Sociales.<\/p><h3 class=\"wp-block-heading\">Datos financieros<\/h3><p>Si ha realizado una compra, los datos de los que dispondremos, son los relacionados con esa compra. Estos datos incluyen la informaci\u00f3n de pago, el n\u00famero de tarjeta de cr\u00e9dito o d\u00e9bito, informaci\u00f3n sobre su tarjeta, informaci\u00f3n de autentificaci\u00f3n y detalles de facturaci\u00f3n, env\u00edo y contacto.<\/p><h3 class=\"wp-block-heading\">Datos sobre el uso de nuestros servicios y productos<\/h3><p>Cuando visita nuestras websites o utiliza nuestras aplicaciones podremos recopilar datos sobre el tipo de dispositivo con el que se conect\u00f3, el identificador del dispositivo, el IP del dispositivo, su sistema operativo, el tipo de buscador que utiliza, el uso de datos, diagn\u00f3stico de informaci\u00f3n y localizaci\u00f3n de ordenadores, tel\u00e9fonos u otros dispositivos en los que tenga instalada nuestra APP o nuestros productos o servicios tengan acceso. Donde est\u00e9 disponible, nuestros servicios pueden usar su GPS, su direcci\u00f3n IP y otros tipos de tecnolog\u00edas para determinar la situaci\u00f3n aproximada de su dispositivo y as\u00ed, poder mejorar nuestros productos y servicios.<\/p><h3 class=\"wp-block-heading\">C\u00f3mo Usar Sus Datos Personales<\/h3><p>De manera general, usamos los datos personales para ofrecer, mejorar y desarrollar nuestros productos y servicios, para comunicarnos con usted y para ofrecerle servicios personalizados. Para proteger a nuestros clientes y a nosotros mismos. OBA determina c\u00f3mo procesar sus datos personales actuando como controlador con los siguientes objetivos: Proporcionar, mejorar y desarrollar nuestros productos y servicios: utilizamos datos personales para ayudarnos a proporcionar, mejorar y desarrollar nuestros servicios. Esto incluye el uso de datos personales para fines tales como an\u00e1lisis de datos, investigaci\u00f3n y auditor\u00edas. Dicho procesamiento se basa en nuestro inter\u00e9s leg\u00edtimo en ofrecerle productos y servicios y para la continuidad del negocio.<\/p><h2 class=\"wp-block-heading\">Comunicarnos con usted<\/h2><p>Sujeto a su previo consentimiento expreso, podemos utilizar datos personales para citarle o enviarle comunicaciones propias de HURVIT, comunicarnos con usted sobre su cuenta o transacciones e informarle sobre nuestras pol\u00edticas y t\u00e9rminos. Tambi\u00e9n podemos usar sus datos para procesar y responder sus solicitudes cuando contacte con nosotros. Sujeto a su previo consentimiento expreso, compartimos su informaci\u00f3n personal con los colaboradores responsables de ofrecerles el servicio final contratado. NOTA: Para cualquiera de los usos de sus datos, descritos anteriormente, se requiere su previo consentimiento expreso, tenga en cuenta que puede retirar este consentimiento contactando con&nbsp;<a href=\"mailto:obasedaciones@gmail.com\">info<\/a>@hurvit.com<\/p><h2 class=\"wp-block-heading\">Promover la seguridad<\/h2><p>Utilizamos los datos personales para ayudar a verificar las cuentas y la actividad de los usuarios, as\u00ed como para promover la seguridad, monitoreando fraudes e investigando actividades sospechosas, potencialmente ilegales o violaciones de nuestros t\u00e9rminos o pol\u00edticas. Dicho procesamiento se basa en nuestro inter\u00e9s leg\u00edtimo en ayudar a garantizar la seguridad de nuestros productos y servicios.<\/p><h2 class=\"wp-block-heading\">Cookies y Otras Tecnolog\u00edas Similares<\/h2><p>Si dejas un comentario en nuestro sitio puedes elegir guardar tu nombre, direcci\u00f3n de correo electr\u00f3nico y web en cookies. Esto es para tu comodidad, para que no tengas que volver a rellenar tus datos cuando dejes otro comentario. Estas cookies tendr\u00e1n una duraci\u00f3n de un a\u00f1o.<\/p><p>Si tienes una cuenta y te conectas a este sitio, instalaremos una cookie temporal para determinar si tu navegador acepta cookies. Esta cookie no contiene datos personales y se elimina al cerrar el navegador.<\/p><p>Cuando accedas, tambi\u00e9n instalaremos varias cookies para guardar tu informaci\u00f3n de acceso y tus opciones de visualizaci\u00f3n de pantalla. Las cookies de acceso duran dos d\u00edas, y las cookies de opciones de pantalla duran un a\u00f1o. Si seleccionas \u00abRecu\u00e9rdarme\u00bb, tu acceso perdurar\u00e1 durante dos semanas. Si sales de tu cuenta, las cookies de acceso se eliminar\u00e1n.<\/p><p>Si editas o publicas un art\u00edculo se guardar\u00e1 una cookie adicional en tu navegador. Esta cookie no incluye datos personales y simplemente indica el ID del art\u00edculo que acabas de editar. Caduca despu\u00e9s de 1 d\u00eda.<\/p><h2 class=\"wp-block-heading\">Contenido incrustado de otros sitios web<\/h2><p>Los art\u00edculos de este sitio pueden incluir contenido incrustado (por ejemplo, v\u00eddeos, im\u00e1genes, art\u00edculos, etc.). El contenido incrustado de otras webs se comporta exactamente de la misma manera que si el visitante hubiera visitado la otra web.<\/p><p>Estas web pueden recopilar datos sobre ti, utilizar cookies, incrustar un seguimiento adicional de terceros, y supervisar tu interacci\u00f3n con ese contenido incrustado, incluido el seguimiento de tu interacci\u00f3n con el contenido incrustado si tienes una cuenta y est\u00e1s conectado a esa web.<\/p><h2 class=\"wp-block-heading\">Con qui\u00e9n compartimos tus datos<\/h2><p>Si solicitas un restablecimiento de contrase\u00f1a, tu direcci\u00f3n IP ser\u00e1 incluida en el correo electr\u00f3nico de restablecimiento.<\/p><h2 class=\"wp-block-heading\">Cu\u00e1nto tiempo conservamos tus datos<\/h2><p>Si dejas un comentario, el comentario y sus metadatos se conservan indefinidamente. Esto es para que podamos reconocer y aprobar comentarios sucesivos autom\u00e1ticamente, en lugar de mantenerlos en una cola de moderaci\u00f3n.<\/p><p>De los usuarios que se registran en nuestra web (si los hay), tambi\u00e9n almacenamos la informaci\u00f3n personal que proporcionan en su perfil de usuario. Todos los usuarios pueden ver, editar o eliminar su informaci\u00f3n personal en cualquier momento (excepto que no pueden cambiar su nombre de usuario). Los administradores de la web tambi\u00e9n pueden ver y editar esa informaci\u00f3n.<\/p><h2 class=\"wp-block-heading\">Qu\u00e9 derechos tienes sobre tus datos<\/h2><p>Si tienes una cuenta o has dejado comentarios en esta web, puedes solicitar recibir un archivo de exportaci\u00f3n de los datos personales que tenemos sobre ti, incluyendo cualquier dato que nos hayas proporcionado. Tambi\u00e9n puedes solicitar que eliminemos cualquier dato personal que tengamos sobre ti. Esto no incluye ning\u00fan dato que estemos obligados a conservar con fines administrativos, legales o de seguridad.<\/p><h2 class=\"wp-block-heading\">D\u00f3nde enviamos tus datos<\/h2><p>Los comentarios de los visitantes puede que los revise un servicio de detecci\u00f3n autom\u00e1tica de spam.<\/p><h2 class=\"wp-block-heading\">Cumplimiento Legal y de Seguridad<\/h2><p>Puede ser necesario\u2014por ley, por proceso legal, litigios y\/o solicitudes de autoridades p\u00fablicas y gubernamentales dentro o fuera de su pa\u00eds de residencia\u2014 que divulguemos sus datos personales. Tambi\u00e9n podemos divulgar datos personales si determinamos que, a efectos de seguridad nacional, aplicaci\u00f3n de la ley u otros asuntos de importancia p\u00fablica, la divulgaci\u00f3n es necesaria o apropiada. Tambi\u00e9n podemos divulgar datos personales si determinamos de buena fe que la divulgaci\u00f3n es razonablemente necesaria para proteger nuestros derechos y buscar soluciones disponibles, hacer cumplir nuestros t\u00e9rminos y condiciones, investigar el fraude o proteger nuestras operaciones o usuarios.<\/p><h2 class=\"wp-block-heading\">Base Legal Para El Procesamiento de Datos Personales de Residentes en EEE<\/h2><p>Si reside dentro del Espacio Econ\u00f3mico Europeo (EEE), el procesamiento de sus datos personales se legitimar\u00e1 de la siguiente manera: Siempre que solicitemos su consentimiento para el procesamiento de sus datos personales, dicho procesamiento estar\u00e1 justificado de conformidad con el Art\u00edculo 6 (1) p\u00e1rrafo (a) del Reglamento general de protecci\u00f3n de datos (UE) 2016\/679 (\u201cGDPR\u201d). Si el procesamiento de sus datos personales es necesario para la ejecuci\u00f3n de un contrato entre usted y nosotros o para tomar cualquier medida precontractual previa solicitud, dicho procesamiento se basar\u00e1 en el Art\u00edculo 6 (1) de GDPR p\u00e1rrafo (b). Cuando el procesamiento sea necesario para que cumplamos con una obligaci\u00f3n legal, procesaremos sus datos en base al Art\u00edculo 6 (1) de la GDPR p\u00e1rrafo (c), y cuando el procesamiento sea necesario para los prop\u00f3sitos de nuestros intereses leg\u00edtimos, dicho procesamiento se realizar\u00e1 de conformidad con el Art\u00edculo 6 (1) de la GDPR p\u00e1rrafo (f).<\/p><h2 class=\"wp-block-heading\">Seguridad, Integridad y Retenci\u00f3n de Datos<\/h2><p>Utilizamos medidas de seguridad f\u00edsicas, administrativas y t\u00e9cnicas razonables, dise\u00f1adas para salvaguardar y ayudar a prevenir el acceso no autorizado a sus datos, y para usar correctamente los datos que recopilamos. Por ejemplo, el acceso a sus datos personales est\u00e1 restringido a nuestros empleados, contratistas y agentes que necesitan acceso a dichos datos para realizar sus tareas laborales asignadas. En el caso de una violaci\u00f3n de seguridad, le avisaremos a usted y a las autoridades correspondientes si as\u00ed lo exige la ley. Retendremos sus datos personales durante el tiempo que sea necesario para cumplir con los fines descritos en esta Declaraci\u00f3n de privacidad, a menos que la ley exija o permita un per\u00edodo de retenci\u00f3n m\u00e1s largo.<\/p><p>Nuestros servicios est\u00e1n destinados a adultos. En consecuencia, no recopilamos, usamos o divulgamos datos de ni\u00f1os menores de 16 a\u00f1os con conocimiento de causa. Si descubrimos que hemos recopilado los datos personales de un ni\u00f1o menor de 16 a\u00f1os o la edad m\u00ednima equivalente seg\u00fan la jurisdicci\u00f3n, tomaremos medidas para eliminar los datos lo antes posible. P\u00f3ngase en contacto con nosotros de inmediato si tiene conocimiento de que un ni\u00f1o menor de 16 a\u00f1os nos ha proporcionado datos personales.<\/p><h2 class=\"wp-block-heading\">Transferencias, Almacenamiento y Procesamiento Global de Datos<\/h2><p>Cuando compartimos sus datos personales con nuestras compa\u00f1\u00edas y proveedores de servicios, sus datos personales pueden ser transferidos y \/ o accesibles desde pa\u00edses fuera del \u00c1rea Econ\u00f3mica Europea. En tales circunstancias, estableceremos cl\u00e1usulas contractuales modelo seg\u00fan lo adoptado por la Comisi\u00f3n Europea, o confiaremos en bases legales alternativas como el Escudo de privacidad, cuando corresponda, o reglas corporativas vinculantes, donde nuestros socios o proveedores de servicios hayan adoptado dichas pol\u00edticas internas, aprobadas por Autoridades europeas de protecci\u00f3n de datos.<\/p><h2 class=\"wp-block-heading\">Cambios en esta Declaraci\u00f3n de Privacidad<\/h2><p>Podemos cambiar peri\u00f3dicamente esta Declaraci\u00f3n de privacidad para seguir el ritmo de las nuevas tecnolog\u00edas, las pr\u00e1cticas de la industria y los requisitos reglamentarios, entre otras razones. Esperamos que la mayor\u00eda de esos cambios sean menores. Cualquier cambio no material tendr\u00e1 efecto inmediatamente despu\u00e9s de la publicaci\u00f3n de una Declaraci\u00f3n de privacidad actualizada. Sin embargo, puede haber casos en los que los cambios a la Declaraci\u00f3n de privacidad puedan ser m\u00e1s significativos. En tales casos, primero proporcionaremos un aviso m\u00e1s detallado. El uso continuado de nuestros productos y servicios despu\u00e9s de la fecha de vigencia de la Declaraci\u00f3n de Privacidad, significa que usted acepta la Declaraci\u00f3n de Privacidad revisada. Si no est\u00e1 de acuerdo con la Declaraci\u00f3n de Privacidad revisada, abst\u00e9ngase de ponerse en contacto con nosotros v\u00eda web y cont\u00e1ctenos para poder ayudarle.<\/p><h2 class=\"wp-block-heading\">Contacte con Nosotros<\/h2><p>Si tiene alguna pregunta con respecto a esta Declaraci\u00f3n de Privacidad o su implementaci\u00f3n, puede comunicarse con nosotros a trav\u00e9s de&nbsp;info@hurvit.com En relaci\u00f3n con el uso de sus datos personales para los siguientes fines: Para proporcionar, mejorar y desarrollar nuestros productos y servicios Para comunicarnos con usted Para compartir su informaci\u00f3n personal con terceros si fuera estrictamente necesario Para promover la seguridad El uso de sus datos personales para la provisi\u00f3n de servicios que solicit\u00f3.<\/p>","protected":false},"excerpt":{"rendered":"<p>Qui\u00e9nes somos La direcci\u00f3n de nuestra web es: http:\/\/www.hurvit.com. Esta declaraci\u00f3n de Privacidad, explica c\u00f3mo la sociedad HURVIT ESPA\u00d1A S.L.\u00a0 recopila, usa, comparte y procesa su informaci\u00f3n. Comentarios Cuando los visitantes dejan comentarios en la web, recopilamos los datos que se muestran en el formulario de comentarios, as\u00ed como la direcci\u00f3n IP del visitante y [&hellip;]<\/p>\n","protected":false},"author":1,"featured_media":0,"parent":0,"menu_order":0,"comment_status":"closed","ping_status":"open","template":"","meta":{"om_disable_all_campaigns":false,"_monsterinsights_skip_tracking":false,"_monsterinsights_sitenote_active":false,"_monsterinsights_sitenote_note":"","_monsterinsights_sitenote_category":0,"footnotes":""},"class_list":["post-3","page","type-page","status-publish","hentry"],"aioseo_notices":[],"_links":{"self":[{"href":"https:\/\/hurvit.com\/index.php\/wp-json\/wp\/v2\/pages\/3","targetHints":{"allow":["GET"]}}],"collection":[{"href":"https:\/\/hurvit.com\/index.php\/wp-json\/wp\/v2\/pages"}],"about":[{"href":"https:\/\/hurvit.com\/index.php\/wp-json\/wp\/v2\/types\/page"}],"author":[{"embeddable":true,"href":"https:\/\/hurvit.com\/index.php\/wp-json\/wp\/v2\/users\/1"}],"replies":[{"embeddable":true,"href":"https:\/\/hurvit.com\/index.php\/wp-json\/wp\/v2\/comments?post=3"}],"version-history":[{"count":4,"href":"https:\/\/hurvit.com\/index.php\/wp-json\/wp\/v2\/pages\/3\/revisions"}],"predecessor-version":[{"id":1313,"href":"https:\/\/hurvit.com\/index.php\/wp-json\/wp\/v2\/pages\/3\/revisions\/1313"}],"wp:attachment":[{"href":"https:\/\/hurvit.com\/index.php\/wp-json\/wp\/v2\/media?parent=3"}],"curies":[{"name":"wp","href":"https:\/\/api.w.org\/{rel}","templated":true}]}}